{"id":3,"date":"2023-04-28T19:02:44","date_gmt":"2023-04-28T19:02:44","guid":{"rendered":"https:\/\/numerique.vamtam.com\/?page_id=3"},"modified":"2023-08-10T18:26:12","modified_gmt":"2023-08-10T18:26:12","slug":"privacy-policy","status":"publish","type":"page","link":"https:\/\/visbalcapital.com\/es\/privacy-policy\/","title":{"rendered":"pol\u00edtica de privacidad"},"content":{"rendered":"<div data-elementor-type=\"wp-page\" data-elementor-id=\"3\" class=\"elementor elementor-3\" data-elementor-post-type=\"page\">\n\t\t\t\t\t\t\t\t\t<section class=\"elementor-section elementor-top-section elementor-element elementor-element-8b404da elementor-section-boxed elementor-section-height-default elementor-section-height-default\" data-id=\"8b404da\" data-element_type=\"section\">\n\t\t\t\t\t\t<div class=\"elementor-container elementor-column-gap-no\">\n\t\t\t\t\t<div class=\"elementor-column elementor-col-100 elementor-top-column elementor-element elementor-element-3d086fd\" data-id=\"3d086fd\" data-element_type=\"column\">\n\t\t\t<div class=\"elementor-widget-wrap elementor-element-populated\">\n\t\t\t\t\t\t\t\t<div class=\"elementor-element elementor-element-b2cdda0 elementor-invisible elementor-widget elementor-widget-heading\" data-id=\"b2cdda0\" data-element_type=\"widget\" data-settings=\"{&quot;_animation&quot;:&quot;fadeIn&quot;,&quot;_animation_tablet&quot;:&quot;none&quot;,&quot;_animation_delay&quot;:300}\" data-widget_type=\"heading.default\">\n\t\t\t\t<div class=\"elementor-widget-container\">\n\t\t\t<style>\/*! elementor - v3.15.0 - 09-08-2023 *\/\n.elementor-heading-title{padding:0;margin:0;line-height:1}.elementor-widget-heading .elementor-heading-title[class*=elementor-size-]>a{color:inherit;font-size:inherit;line-height:inherit}.elementor-widget-heading .elementor-heading-title.elementor-size-small{font-size:15px}.elementor-widget-heading .elementor-heading-title.elementor-size-medium{font-size:19px}.elementor-widget-heading .elementor-heading-title.elementor-size-large{font-size:29px}.elementor-widget-heading .elementor-heading-title.elementor-size-xl{font-size:39px}.elementor-widget-heading .elementor-heading-title.elementor-size-xxl{font-size:59px}<\/style><h2 class=\"elementor-heading-title elementor-size-default\">pol\u00edtica de privacidad<\/h2>\t\t<\/div>\n\t\t\t\t<\/div>\n\t\t\t\t\t<\/div>\n\t\t<\/div>\n\t\t\t\t\t\t\t<\/div>\n\t\t<\/section>\n\t\t\t\t<section class=\"elementor-section elementor-top-section elementor-element elementor-element-5370d28 elementor-section-boxed elementor-section-height-default elementor-section-height-default\" data-id=\"5370d28\" data-element_type=\"section\">\n\t\t\t\t\t\t<div class=\"elementor-container elementor-column-gap-no\">\n\t\t\t\t\t<div class=\"elementor-column elementor-col-100 elementor-top-column elementor-element elementor-element-3688fcd\" data-id=\"3688fcd\" data-element_type=\"column\">\n\t\t\t<div class=\"elementor-widget-wrap elementor-element-populated\">\n\t\t\t\t\t\t\t\t<div class=\"elementor-element elementor-element-c0f7ab4 elementor-widget elementor-widget-heading\" data-id=\"c0f7ab4\" data-element_type=\"widget\" data-widget_type=\"heading.default\">\n\t\t\t\t<div class=\"elementor-widget-container\">\n\t\t\t<h3 class=\"elementor-heading-title elementor-size-default\">\u00bfQu\u00e9 informaci\u00f3n recopilamos?<\/h3>\t\t<\/div>\n\t\t\t\t<\/div>\n\t\t\t\t<div class=\"elementor-element elementor-element-1f795bd elementor-widget elementor-widget-text-editor\" data-id=\"1f795bd\" data-element_type=\"widget\" data-widget_type=\"text-editor.default\">\n\t\t\t\t<div class=\"elementor-widget-container\">\n\t\t\t<style>\/*! elementor - v3.15.0 - 09-08-2023 *\/\n.elementor-widget-text-editor.elementor-drop-cap-view-stacked .elementor-drop-cap{background-color:#69727d;color:#fff}.elementor-widget-text-editor.elementor-drop-cap-view-framed .elementor-drop-cap{color:#69727d;border:3px solid;background-color:transparent}.elementor-widget-text-editor:not(.elementor-drop-cap-view-default) .elementor-drop-cap{margin-top:8px}.elementor-widget-text-editor:not(.elementor-drop-cap-view-default) .elementor-drop-cap-letter{width:1em;height:1em}.elementor-widget-text-editor .elementor-drop-cap{float:left;text-align:center;line-height:1;font-size:50px}.elementor-widget-text-editor .elementor-drop-cap-letter{display:inline-block}<\/style>\t\t\t\t<p>Cuando interact\u00faa con nosotros, podemos recopilar su nombre, direcci\u00f3n, direcci\u00f3n(es) de correo electr\u00f3nico, n\u00famero(s) de tel\u00e9fono y, cuando corresponda, fecha de nacimiento.<\/p>\t\t\t\t\t\t<\/div>\n\t\t\t\t<\/div>\n\t\t\t\t<div class=\"elementor-element elementor-element-89d862a elementor-widget elementor-widget-heading\" data-id=\"89d862a\" data-element_type=\"widget\" data-widget_type=\"heading.default\">\n\t\t\t\t<div class=\"elementor-widget-container\">\n\t\t\t<h3 class=\"elementor-heading-title elementor-size-default\">\u00bfC\u00f3mo recopilamos informaci\u00f3n?<\/h3>\t\t<\/div>\n\t\t\t\t<\/div>\n\t\t\t\t<div class=\"elementor-element elementor-element-696fb7f elementor-widget elementor-widget-text-editor\" data-id=\"696fb7f\" data-element_type=\"widget\" data-widget_type=\"text-editor.default\">\n\t\t\t\t<div class=\"elementor-widget-container\">\n\t\t\t\t\t\t\t<p>Podemos recopilar informaci\u00f3n sobre usted cada vez que interact\u00faa con nosotros. Por ejemplo, cuando se comunica con respecto a nuestras actividades, se registra como seguidor, env\u00eda o recibe informaci\u00f3n o firma una petici\u00f3n, usted nos proporciona su informaci\u00f3n personal de manera espec\u00edfica y consciente. Tambi\u00e9n podemos recibir informaci\u00f3n sobre usted de terceros, pero solo si les ha dado permiso para compartir su informaci\u00f3n.<\/p>\t\t\t\t\t\t<\/div>\n\t\t\t\t<\/div>\n\t\t\t\t<div class=\"elementor-element elementor-element-42de6f4 elementor-widget elementor-widget-heading\" data-id=\"42de6f4\" data-element_type=\"widget\" data-widget_type=\"heading.default\">\n\t\t\t\t<div class=\"elementor-widget-container\">\n\t\t\t<h3 class=\"elementor-heading-title elementor-size-default\">Confidencialidad<\/h3>\t\t<\/div>\n\t\t\t\t<\/div>\n\t\t\t\t<div class=\"elementor-element elementor-element-d75853f elementor-widget elementor-widget-text-editor\" data-id=\"d75853f\" data-element_type=\"widget\" data-widget_type=\"text-editor.default\">\n\t\t\t\t<div class=\"elementor-widget-container\">\n\t\t\t\t\t\t\t<p>No seremos responsables de la privacidad de los datos recopilados por sitios web que Charity no posee ni administra, incluidos aquellos vinculados a trav\u00e9s de nuestro sitio web.<\/p>\t\t\t\t\t\t<\/div>\n\t\t\t\t<\/div>\n\t\t\t\t<div class=\"elementor-element elementor-element-9c0dfa1 elementor-widget elementor-widget-heading\" data-id=\"9c0dfa1\" data-element_type=\"widget\" data-widget_type=\"heading.default\">\n\t\t\t\t<div class=\"elementor-widget-container\">\n\t\t\t<h3 class=\"elementor-heading-title elementor-size-default\">Realizando una queja<\/h3>\t\t<\/div>\n\t\t\t\t<\/div>\n\t\t\t\t<div class=\"elementor-element elementor-element-50d2383 elementor-widget elementor-widget-text-editor\" data-id=\"50d2383\" data-element_type=\"widget\" data-widget_type=\"text-editor.default\">\n\t\t\t\t<div class=\"elementor-widget-container\">\n\t\t\t\t\t\t\t<p>Si no est\u00e1 satisfecho con la respuesta, cont\u00e1ctenos en konstruktion@email.com con los detalles que explican sus inquietudes. Revisaremos su queja e investigaremos si se han seguido los procedimientos correctos y le responderemos seg\u00fan corresponda. Nuestro objetivo es completar esta investigaci\u00f3n dentro de los 15 d\u00edas h\u00e1biles posteriores a la recepci\u00f3n de su queja; sin embargo, en algunos casos puede llevar m\u00e1s tiempo. Si a\u00fan no est\u00e1 satisfecho con la respuesta, puede comunicarse con nosotros.<\/p>\t\t\t\t\t\t<\/div>\n\t\t\t\t<\/div>\n\t\t\t\t\t<\/div>\n\t\t<\/div>\n\t\t\t\t\t\t\t<\/div>\n\t\t<\/section>\n\t\t\t\t\t\t\t<\/div>","protected":false},"excerpt":{"rendered":"<p>Privacy Policy What information do we collect? When you interact with us, we may collect your name, address, email address(es),&#8230;<\/p>","protected":false},"author":1,"featured_media":0,"parent":0,"menu_order":0,"comment_status":"closed","ping_status":"closed","template":"","meta":{"footnotes":""},"class_list":["post-3","page","type-page","status-publish","hentry"],"yoast_head":"<!-- This site is optimized with the Yoast SEO plugin v20.13 - https:\/\/yoast.com\/wordpress\/plugins\/seo\/ -->\n<title>Privacy Policy - Visbal Capital Group<\/title>\n<meta name=\"robots\" content=\"index, follow, max-snippet:-1, max-image-preview:large, max-video-preview:-1\" \/>\n<link rel=\"canonical\" href=\"https:\/\/visbalcapital.com\/es\/privacy-policy\/\" \/>\n<meta property=\"og:locale\" content=\"es_ES\" \/>\n<meta property=\"og:type\" content=\"article\" \/>\n<meta property=\"og:title\" content=\"Privacy Policy - Visbal Capital Group\" \/>\n<meta property=\"og:description\" content=\"Privacy Policy What information do we collect? When you interact with us, we may collect your name, address, email address(es),...\" \/>\n<meta property=\"og:url\" content=\"https:\/\/visbalcapital.com\/es\/privacy-policy\/\" \/>\n<meta property=\"og:site_name\" content=\"Visbal Capital Group\" \/>\n<meta property=\"article:modified_time\" content=\"2023-08-10T18:26:12+00:00\" \/>\n<meta name=\"twitter:card\" content=\"summary_large_image\" \/>\n<meta name=\"twitter:label1\" content=\"Tiempo estimado de lectura\" \/>\n\t<meta name=\"twitter:data1\" content=\"1 minuto\" \/>\n<script type=\"application\/ld+json\" class=\"yoast-schema-graph\">{\"@context\":\"https:\/\/schema.org\",\"@graph\":[{\"@type\":\"WebPage\",\"@id\":\"https:\/\/visbalcapital.com\/privacy-policy\/\",\"url\":\"https:\/\/visbalcapital.com\/privacy-policy\/\",\"name\":\"Privacy Policy - Visbal Capital Group\",\"isPartOf\":{\"@id\":\"https:\/\/visbalcapital.com\/#website\"},\"datePublished\":\"2023-04-28T19:02:44+00:00\",\"dateModified\":\"2023-08-10T18:26:12+00:00\",\"breadcrumb\":{\"@id\":\"https:\/\/visbalcapital.com\/privacy-policy\/#breadcrumb\"},\"inLanguage\":\"es-CO\",\"potentialAction\":[{\"@type\":\"ReadAction\",\"target\":[\"https:\/\/visbalcapital.com\/privacy-policy\/\"]}]},{\"@type\":\"BreadcrumbList\",\"@id\":\"https:\/\/visbalcapital.com\/privacy-policy\/#breadcrumb\",\"itemListElement\":[{\"@type\":\"ListItem\",\"position\":1,\"name\":\"Home\",\"item\":\"https:\/\/visbalcapital.com\/\"},{\"@type\":\"ListItem\",\"position\":2,\"name\":\"Privacy Policy\"}]},{\"@type\":\"WebSite\",\"@id\":\"https:\/\/visbalcapital.com\/#website\",\"url\":\"https:\/\/visbalcapital.com\/\",\"name\":\"Visbal Capital Group\",\"description\":\"Marketing Digital\",\"publisher\":{\"@id\":\"https:\/\/visbalcapital.com\/#organization\"},\"potentialAction\":[{\"@type\":\"SearchAction\",\"target\":{\"@type\":\"EntryPoint\",\"urlTemplate\":\"https:\/\/visbalcapital.com\/?s={search_term_string}\"},\"query-input\":\"required name=search_term_string\"}],\"inLanguage\":\"es-CO\"},{\"@type\":\"Organization\",\"@id\":\"https:\/\/visbalcapital.com\/#organization\",\"name\":\"Visbal Capital Group\",\"url\":\"https:\/\/visbalcapital.com\/\",\"logo\":{\"@type\":\"ImageObject\",\"inLanguage\":\"es-CO\",\"@id\":\"https:\/\/visbalcapital.com\/#\/schema\/logo\/image\/\",\"url\":\"https:\/\/visbalcapital.com\/wp-content\/uploads\/2023\/08\/cropped-2-1.png\",\"contentUrl\":\"https:\/\/visbalcapital.com\/wp-content\/uploads\/2023\/08\/cropped-2-1.png\",\"width\":500,\"height\":306,\"caption\":\"Visbal Capital Group\"},\"image\":{\"@id\":\"https:\/\/visbalcapital.com\/#\/schema\/logo\/image\/\"}}]}<\/script>\n<!-- \/ Yoast SEO plugin. -->","yoast_head_json":{"title":"Privacy Policy - Visbal Capital Group","robots":{"index":"index","follow":"follow","max-snippet":"max-snippet:-1","max-image-preview":"max-image-preview:large","max-video-preview":"max-video-preview:-1"},"canonical":"https:\/\/visbalcapital.com\/es\/privacy-policy\/","og_locale":"es_ES","og_type":"article","og_title":"Privacy Policy - Visbal Capital Group","og_description":"Privacy Policy What information do we collect? When you interact with us, we may collect your name, address, email address(es),...","og_url":"https:\/\/visbalcapital.com\/es\/privacy-policy\/","og_site_name":"Visbal Capital Group","article_modified_time":"2023-08-10T18:26:12+00:00","twitter_card":"summary_large_image","twitter_misc":{"Tiempo estimado de lectura":"1 minuto"},"schema":{"@context":"https:\/\/schema.org","@graph":[{"@type":"WebPage","@id":"https:\/\/visbalcapital.com\/privacy-policy\/","url":"https:\/\/visbalcapital.com\/privacy-policy\/","name":"Privacy Policy - Visbal Capital Group","isPartOf":{"@id":"https:\/\/visbalcapital.com\/#website"},"datePublished":"2023-04-28T19:02:44+00:00","dateModified":"2023-08-10T18:26:12+00:00","breadcrumb":{"@id":"https:\/\/visbalcapital.com\/privacy-policy\/#breadcrumb"},"inLanguage":"es-CO","potentialAction":[{"@type":"ReadAction","target":["https:\/\/visbalcapital.com\/privacy-policy\/"]}]},{"@type":"BreadcrumbList","@id":"https:\/\/visbalcapital.com\/privacy-policy\/#breadcrumb","itemListElement":[{"@type":"ListItem","position":1,"name":"Home","item":"https:\/\/visbalcapital.com\/"},{"@type":"ListItem","position":2,"name":"Privacy Policy"}]},{"@type":"WebSite","@id":"https:\/\/visbalcapital.com\/#website","url":"https:\/\/visbalcapital.com\/","name":"Visbal Capital Group","description":"Marketing Digital","publisher":{"@id":"https:\/\/visbalcapital.com\/#organization"},"potentialAction":[{"@type":"SearchAction","target":{"@type":"EntryPoint","urlTemplate":"https:\/\/visbalcapital.com\/?s={search_term_string}"},"query-input":"required name=search_term_string"}],"inLanguage":"es-CO"},{"@type":"Organization","@id":"https:\/\/visbalcapital.com\/#organization","name":"Visbal Capital Group","url":"https:\/\/visbalcapital.com\/","logo":{"@type":"ImageObject","inLanguage":"es-CO","@id":"https:\/\/visbalcapital.com\/#\/schema\/logo\/image\/","url":"https:\/\/visbalcapital.com\/wp-content\/uploads\/2023\/08\/cropped-2-1.png","contentUrl":"https:\/\/visbalcapital.com\/wp-content\/uploads\/2023\/08\/cropped-2-1.png","width":500,"height":306,"caption":"Visbal Capital Group"},"image":{"@id":"https:\/\/visbalcapital.com\/#\/schema\/logo\/image\/"}}]}},"_links":{"self":[{"href":"https:\/\/visbalcapital.com\/es\/wp-json\/wp\/v2\/pages\/3","targetHints":{"allow":["GET"]}}],"collection":[{"href":"https:\/\/visbalcapital.com\/es\/wp-json\/wp\/v2\/pages"}],"about":[{"href":"https:\/\/visbalcapital.com\/es\/wp-json\/wp\/v2\/types\/page"}],"author":[{"embeddable":true,"href":"https:\/\/visbalcapital.com\/es\/wp-json\/wp\/v2\/users\/1"}],"replies":[{"embeddable":true,"href":"https:\/\/visbalcapital.com\/es\/wp-json\/wp\/v2\/comments?post=3"}],"version-history":[{"count":3,"href":"https:\/\/visbalcapital.com\/es\/wp-json\/wp\/v2\/pages\/3\/revisions"}],"predecessor-version":[{"id":987810,"href":"https:\/\/visbalcapital.com\/es\/wp-json\/wp\/v2\/pages\/3\/revisions\/987810"}],"wp:attachment":[{"href":"https:\/\/visbalcapital.com\/es\/wp-json\/wp\/v2\/media?parent=3"}],"curies":[{"name":"wp","href":"https:\/\/api.w.org\/{rel}","templated":true}]}}